{"id":24852,"date":"2018-03-16T13:09:23","date_gmt":"2018-03-16T13:09:23","guid":{"rendered":"http:\/\/131.1.253.227\/roc\/?page_id=24852"},"modified":"2024-07-04T11:14:46","modified_gmt":"2024-07-04T11:14:46","slug":"progetto","status":"publish","type":"page","link":"https:\/\/www.reteoncologicacampana.it\/?page_id=24852","title":{"rendered":"Progetto"},"content":{"rendered":"<p>[vc_row][vc_column]<div class=\"gem-youtube gem-wrapbox gem-wrapbox-style-no-style rounded-corners gem-wrapbox-position-below\" style=\"width: 100%;\"><div class=\"gem-wrapbox-inner gem-ratio-style\" style=\"padding-top: 56.25%\"><iframe class=\"gem-wrapbox-element img-responsive\" width=\"100%\" height=\"300\" allowfullscreen=\"allowfullscreen\" frameborder=\"0\" scrolling=\"no\" marginheight=\"0\" marginwidth=\"0\" src=\"\/\/www.youtube.com\/embed\/chBST3dDPxY?rel=0&amp;wmode=opaque\"><\/iframe><\/div><\/div>[\/vc_column][\/vc_row][vc_row][vc_column][vc_column_text]<strong>Rete Oncologica Campana<\/strong><\/p>\n<p>La Regione Campania ha istituito l\u2019infrastruttura Rete Oncologica Campana delibera n. 98 del 20.09.2016.<\/p>\n<p>La Rete Oncologica Campana si sviluppa, in primo luogo, attraverso l\u2019individuazione di tutti i centri deputati alla prevenzione, diagnosi, cura e riabilitazione dei tumori maligni.\u00a0 Gli organi costitutivi della Rete sono i seguenti:<\/p>\n<ol>\n<li><strong>Centri II livello o Centri Oncologici di Riferimento Polispecialistici (CORP) con funzioni diagnostico-stadiative, terapeutiche e di follow-up oncologico<\/strong><\/li>\n<li><strong>Hospice e reparti\/ambulatori di Terapia del Dolore<\/strong><\/li>\n<li><strong>Centri di Riferimento Regionali con attivit\u00e0 specifica in campo oncologico (CORPUS)<\/strong><\/li>\n<\/ol>\n<p><strong><br \/>\n<\/strong><strong>Centri Oncologici di Riferimento Polispecialistici (CORP)<\/strong><\/p>\n<p>l CORP \u00e8 un aggregato funzionale di Unit\u00e0 Operative Complesse, Unit\u00e0 Semplici, Unit\u00e0 Dipartimentali finalizzate verso obiettivi comuni di Assistenza, all\u2019interno di una delle Aziende che saranno di seguito identificate. Ogni CORP ha un suo Coordinatore, nella veste del Dirigente Medico di II livello con carica di Direttore dell\u2019UOC di Oncologia Medica dell\u2019Azienda presso cui ha sede il CORP.<\/p>\n<p>I CORP hanno funzioni diagnostico-stadiative a maggiore complessit\u00e0 o integrative, terapeutiche e di follow-up oncologico.<\/p>\n<p>In tali centri saranno attuati i GOM che sono i centri interdisciplinari in cui avverr\u00e0 la Presa in Carico della Persona affetta da tumore e la definizione del percorso assistenziale pi\u00f9 adeguato.<\/p>\n<p>Le Aziende sede di CORP dovranno garantire la presenza di:<\/p>\n<ul>\n<li>Servizio di accettazione\/accoglienza con servizio informazione e prenotazione;<\/li>\n<li>Archivio, eventualmente computerizzato, anche identificabile in archivi gi\u00e0 operativi presso le UO aziendali afferenti al CORP;<\/li>\n<li>Ambulatori multidisciplinari per patologia, organizzati dai coordinatori dei GOM secondo criteri di integrazione delle competenze (chirurgiche, mediche, diagnostiche ecc.).<\/li>\n<\/ul>\n<p><strong> Centri di Riferimento Regionali con attivit\u00e0 specifica in campo oncologico (CORPUS) <\/strong><\/p>\n<p>Alcuni CORP saranno altres\u00ec definiti come Centri Oncologici di Riferimento Polispecialistici Universitari o a carattere Scientifico (CORPUS). Ai CORPUS, oltre alle funzioni gi\u00e0 attribuite ai CORP, sono attribuite anche alcune funzioni peculiari:<\/p>\n<ul>\n<li><strong>Impegno nella ricerca preclinica e\/o clinica in vari settori correlati all\u2019Oncologia;<\/strong><\/li>\n<li><strong>Vocazione alla Didattica ed ad attivit\u00e0 di Alta Formazione;<\/strong><\/li>\n<li><strong>Servizi e diagnostica di Biotecnologia su materiale patologico e bioumorale.<\/strong><\/li>\n<\/ul>\n<p><strong>I vantaggi del modello della rete Oncologica basato sui Gruppi Oncologici Campani sono<\/strong>:<\/p>\n<ul>\n<li>Strutture e servizi sottoutilizzati possono essere pienamente utilizzati nel network;<\/li>\n<li>Il network nel suo complesso pu\u00f2 essere capace di acquisire nuove tecnologie insostenibili per le singole strutture ospedaliere;<\/li>\n<li>Mediante PDTA integrati, il network risponde in modo capillare ai bisogni dei pazienti e delle loro famiglie;<\/li>\n<li>Si evitano duplicazioni di servizi ed apparecchiature;<\/li>\n<li>Si produce un efficientamento della programmazione di breve e medio-lungo periodo nell\u2019allocazione delle risorse economiche;<\/li>\n<li>Garantisce un pi\u00f9 equo accesso alle cure, soprattutto per ci\u00f2 che concerne le prestazioni a pi\u00f9 alta specialit\u00e0;<\/li>\n<li>A regime consente di ridurre i fenomeni di migrazione sanitaria.<\/li>\n<\/ul>\n<p><strong>Obiettivi della Rete Oncologica Campana<\/strong><\/p>\n<p>L\u2019organizzazione della Rete Regionale permetter\u00e0, nel breve\/medio termine e nel lungo termine, anche tramite integrazioni successive, di centrare una pluralit\u00e0 di obiettivi in linea con i bisogni regionali emersi dall\u2019analisi dell\u2019offerta e della domanda, ed in particolare:<\/p>\n<ul>\n<li>Definire ed organizzare il livello di condivisione di tutti gli strumenti utilizzati dalle diverse figure professionali coinvolte nell\u2019assistenza oncologica: sistemi informativi, cartelle telematiche, linee guida, registri per patologia, etc.;<\/li>\n<li>Assicurare la Multidisciplinarit\u00e0 dell\u2019atto di Presa in Carico dell\u2019assistito nell\u2019intero percorso assistenziale, garantendo percorsi diagnostico-terapeutici assistenziali (PDTA) capaci di continuit\u00e0 assistenziale e interventi adeguati e tempestivi, riducendo le liste d\u2019attesa e secondo le corrette sequenzialit\u00e0;<\/li>\n<li>Favorire l\u2019inserimento dei pazienti in studi clinici e promuovere in modo sinergico ricerca e innovazione in campo oncologico;<\/li>\n<li>Garantire il superamento delle disomogeneit\u00e0 territoriali e la riduzione dei disagi logistici e di orientamento dei pazienti, riducendo la dispersione e la migrazione sanitaria;<\/li>\n<li>Facilitare lo scambio di informazioni fra tutti i soggetti che si occupano di patologie oncologiche;<\/li>\n<li>Supportare le aziende sanitarie nell\u2019organizzazione, gestione ed efficientamento dei servizi in Oncologia;<\/li>\n<li>Individuare e diffondere best practice ed innovazioni gestionali lungo i processi chiave del ciclo diagnostico\/ terapeutico in oncologia;<\/li>\n<li>Razionalizzazione dell\u2019uso di tecnologia ad alta complessit\u00e0\/costo mediante l\u2019applicazione di protocolli specifici di ricerca e programmi di training specifico<\/li>\n<li>creazione di un registro regionale degli outcome degli interventi chirurgici oncologici;<\/li>\n<li>Integrare i servizi sanitari e sociali per l\u2019assistenza a malati oncologici coordinando tutte le professionalit\u00e0 e le Istituzioni coinvolte nella prevenzione, diagnosi, terapia e riabilitazione oncologica, migliorando costantemente la qualit\u00e0, l\u2019appropriatezza e l\u2019efficacia delle cure secondo il mutare delle Linee Guida e le best practice;<\/li>\n<li>Ricognizione ed adeguamento tecnologico delle procedure di documentata efficacia<\/li>\n<\/ul>\n<p><a href=\"https:\/\/www.reteoncologicacampana.it\/wp-content\/uploads\/2022\/02\/aaaa.png\"><img decoding=\"async\" loading=\"lazy\" class=\"alignnone wp-image-25509\" src=\"https:\/\/www.reteoncologicacampana.it\/wp-content\/uploads\/2022\/02\/aaaa.png\" alt=\"\" width=\"532\" height=\"502\" srcset=\"https:\/\/www.reteoncologicacampana.it\/wp-content\/uploads\/2022\/02\/aaaa.png 709w, https:\/\/www.reteoncologicacampana.it\/wp-content\/uploads\/2022\/02\/aaaa-300x283.png 300w\" sizes=\"(max-width: 532px) 100vw, 532px\" \/><\/a>[\/vc_column_text][\/vc_column][\/vc_row]<\/p>\n","protected":false},"excerpt":{"rendered":"<p>[vc_row][vc_column][\/vc_column][\/vc_row][vc_row][vc_column][vc_column_text]Rete Oncologica Campana La Regione Campania ha istituito l\u2019infrastruttura Rete Oncologica Campana delibera n. 98 del 20.09.2016. La Rete Oncologica&#8230;<\/p>\n","protected":false},"author":1,"featured_media":0,"parent":0,"menu_order":0,"comment_status":"closed","ping_status":"closed","template":"","meta":[],"yoast_head":"<!-- This site is optimized with the Yoast SEO plugin v20.3 - https:\/\/yoast.com\/wordpress\/plugins\/seo\/ -->\r\n<title>Progetto - R.O.C. - Rete Oncologica Campana<\/title>\r\n<meta name=\"robots\" content=\"index, follow, max-snippet:-1, max-image-preview:large, max-video-preview:-1\" \/>\r\n<link rel=\"canonical\" href=\"https:\/\/www.reteoncologicacampana.it\/?page_id=24852\" \/>\r\n<meta property=\"og:locale\" content=\"it_IT\" \/>\r\n<meta property=\"og:type\" content=\"article\" \/>\r\n<meta property=\"og:title\" content=\"Progetto - R.O.C. - Rete Oncologica Campana\" \/>\r\n<meta property=\"og:description\" content=\"[vc_row][vc_column][\/vc_column][\/vc_row][vc_row][vc_column][vc_column_text]Rete Oncologica Campana La Regione Campania ha istituito l\u2019infrastruttura Rete Oncologica Campana delibera n. 98 del 20.09.2016. La Rete Oncologica...\" \/>\r\n<meta property=\"og:url\" content=\"https:\/\/www.reteoncologicacampana.it\/?page_id=24852\" \/>\r\n<meta property=\"og:site_name\" content=\"R.O.C. - Rete Oncologica Campana\" \/>\r\n<meta property=\"article:modified_time\" content=\"2024-07-04T11:14:46+00:00\" \/>\r\n<meta property=\"og:image\" content=\"https:\/\/www.reteoncologicacampana.it\/wp-content\/uploads\/2022\/02\/aaaa.png\" \/>\r\n<meta name=\"twitter:card\" content=\"summary_large_image\" \/>\r\n<meta name=\"twitter:label1\" content=\"Tempo di lettura stimato\" \/>\n\t<meta name=\"twitter:data1\" content=\"4 minuti\" \/>\r\n<script type=\"application\/ld+json\" class=\"yoast-schema-graph\">{\"@context\":\"https:\/\/schema.org\",\"@graph\":[{\"@type\":\"WebPage\",\"@id\":\"https:\/\/www.reteoncologicacampana.it\/?page_id=24852\",\"url\":\"https:\/\/www.reteoncologicacampana.it\/?page_id=24852\",\"name\":\"Progetto - R.O.C. - Rete Oncologica Campana\",\"isPartOf\":{\"@id\":\"https:\/\/www.reteoncologicacampana.it\/#website\"},\"datePublished\":\"2018-03-16T13:09:23+00:00\",\"dateModified\":\"2024-07-04T11:14:46+00:00\",\"breadcrumb\":{\"@id\":\"https:\/\/www.reteoncologicacampana.it\/?page_id=24852#breadcrumb\"},\"inLanguage\":\"it-IT\",\"potentialAction\":[{\"@type\":\"ReadAction\",\"target\":[\"https:\/\/www.reteoncologicacampana.it\/?page_id=24852\"]}]},{\"@type\":\"BreadcrumbList\",\"@id\":\"https:\/\/www.reteoncologicacampana.it\/?page_id=24852#breadcrumb\",\"itemListElement\":[{\"@type\":\"ListItem\",\"position\":1,\"name\":\"Home\",\"item\":\"https:\/\/www.reteoncologicacampana.it\/\"},{\"@type\":\"ListItem\",\"position\":2,\"name\":\"Progetto\"}]},{\"@type\":\"WebSite\",\"@id\":\"https:\/\/www.reteoncologicacampana.it\/#website\",\"url\":\"https:\/\/www.reteoncologicacampana.it\/\",\"name\":\"R.O.C. - Rete Oncologica Campana\",\"description\":\"\",\"potentialAction\":[{\"@type\":\"SearchAction\",\"target\":{\"@type\":\"EntryPoint\",\"urlTemplate\":\"https:\/\/www.reteoncologicacampana.it\/?s={search_term_string}\"},\"query-input\":\"required name=search_term_string\"}],\"inLanguage\":\"it-IT\"}]}<\/script>\r\n<!-- \/ Yoast SEO plugin. -->","yoast_head_json":{"title":"Progetto - R.O.C. - Rete Oncologica Campana","robots":{"index":"index","follow":"follow","max-snippet":"max-snippet:-1","max-image-preview":"max-image-preview:large","max-video-preview":"max-video-preview:-1"},"canonical":"https:\/\/www.reteoncologicacampana.it\/?page_id=24852","og_locale":"it_IT","og_type":"article","og_title":"Progetto - R.O.C. - Rete Oncologica Campana","og_description":"[vc_row][vc_column][\/vc_column][\/vc_row][vc_row][vc_column][vc_column_text]Rete Oncologica Campana La Regione Campania ha istituito l\u2019infrastruttura Rete Oncologica Campana delibera n. 98 del 20.09.2016. La Rete Oncologica...","og_url":"https:\/\/www.reteoncologicacampana.it\/?page_id=24852","og_site_name":"R.O.C. - Rete Oncologica Campana","article_modified_time":"2024-07-04T11:14:46+00:00","og_image":[{"url":"https:\/\/www.reteoncologicacampana.it\/wp-content\/uploads\/2022\/02\/aaaa.png"}],"twitter_card":"summary_large_image","twitter_misc":{"Tempo di lettura stimato":"4 minuti"},"schema":{"@context":"https:\/\/schema.org","@graph":[{"@type":"WebPage","@id":"https:\/\/www.reteoncologicacampana.it\/?page_id=24852","url":"https:\/\/www.reteoncologicacampana.it\/?page_id=24852","name":"Progetto - R.O.C. - Rete Oncologica Campana","isPartOf":{"@id":"https:\/\/www.reteoncologicacampana.it\/#website"},"datePublished":"2018-03-16T13:09:23+00:00","dateModified":"2024-07-04T11:14:46+00:00","breadcrumb":{"@id":"https:\/\/www.reteoncologicacampana.it\/?page_id=24852#breadcrumb"},"inLanguage":"it-IT","potentialAction":[{"@type":"ReadAction","target":["https:\/\/www.reteoncologicacampana.it\/?page_id=24852"]}]},{"@type":"BreadcrumbList","@id":"https:\/\/www.reteoncologicacampana.it\/?page_id=24852#breadcrumb","itemListElement":[{"@type":"ListItem","position":1,"name":"Home","item":"https:\/\/www.reteoncologicacampana.it\/"},{"@type":"ListItem","position":2,"name":"Progetto"}]},{"@type":"WebSite","@id":"https:\/\/www.reteoncologicacampana.it\/#website","url":"https:\/\/www.reteoncologicacampana.it\/","name":"R.O.C. - Rete Oncologica Campana","description":"","potentialAction":[{"@type":"SearchAction","target":{"@type":"EntryPoint","urlTemplate":"https:\/\/www.reteoncologicacampana.it\/?s={search_term_string}"},"query-input":"required name=search_term_string"}],"inLanguage":"it-IT"}]}},"_links":{"self":[{"href":"https:\/\/www.reteoncologicacampana.it\/index.php?rest_route=\/wp\/v2\/pages\/24852"}],"collection":[{"href":"https:\/\/www.reteoncologicacampana.it\/index.php?rest_route=\/wp\/v2\/pages"}],"about":[{"href":"https:\/\/www.reteoncologicacampana.it\/index.php?rest_route=\/wp\/v2\/types\/page"}],"author":[{"embeddable":true,"href":"https:\/\/www.reteoncologicacampana.it\/index.php?rest_route=\/wp\/v2\/users\/1"}],"replies":[{"embeddable":true,"href":"https:\/\/www.reteoncologicacampana.it\/index.php?rest_route=%2Fwp%2Fv2%2Fcomments&post=24852"}],"version-history":[{"count":6,"href":"https:\/\/www.reteoncologicacampana.it\/index.php?rest_route=\/wp\/v2\/pages\/24852\/revisions"}],"predecessor-version":[{"id":26026,"href":"https:\/\/www.reteoncologicacampana.it\/index.php?rest_route=\/wp\/v2\/pages\/24852\/revisions\/26026"}],"wp:attachment":[{"href":"https:\/\/www.reteoncologicacampana.it\/index.php?rest_route=%2Fwp%2Fv2%2Fmedia&parent=24852"}],"curies":[{"name":"wp","href":"https:\/\/api.w.org\/{rel}","templated":true}]}}