{"id":25280,"date":"2020-09-09T07:17:48","date_gmt":"2020-09-09T07:17:48","guid":{"rendered":"https:\/\/www.reteoncologicacampana.it\/?page_id=25280"},"modified":"2020-09-22T07:49:21","modified_gmt":"2020-09-22T07:49:21","slug":"chi-siamo","status":"publish","type":"page","link":"https:\/\/www.reteoncologicacampana.it\/?page_id=25280","title":{"rendered":"Chi siamo"},"content":{"rendered":"<p>[vc_row][vc_column][vc_column_text]<a href=\"https:\/\/www.reteoncologicacampana.it\/wp-content\/uploads\/2020\/09\/immagine_003.jpg\"><img decoding=\"async\" loading=\"lazy\" class=\"alignnone size-full wp-image-25281\" src=\"https:\/\/www.reteoncologicacampana.it\/wp-content\/uploads\/2020\/09\/immagine_003.jpg\" alt=\"\" width=\"348\" height=\"261\" srcset=\"https:\/\/www.reteoncologicacampana.it\/wp-content\/uploads\/2020\/09\/immagine_003.jpg 348w, https:\/\/www.reteoncologicacampana.it\/wp-content\/uploads\/2020\/09\/immagine_003-300x225.jpg 300w\" sizes=\"(max-width: 348px) 100vw, 348px\" \/><\/a><\/p>\n<p><strong>Prof. Sandro Pignata<\/strong><\/p>\n<p>Sandro Pignata, MD, PhD, \u00e8 il Direttore della divisione di oncologia medica del dipartimento di Uro-ginecologia presso l\u2019Istituto Nazionale Tumori di Napoli, Italia. Il Dr. Pignata \u00e8 anche il fondatore e l\u2019attuale presidente del Gruppo MITO (Multicenter Italian Trial in Ovarian Cancer and Gynaecologic Malignancies), che comprende circa 85 Centri italiani coinvolti nel trattamento dei tumori ginecologici. \u00c8 membro del comitato esecutivo del Gynecological Cancer InterGroup (GCIG), a cui il gruppo MITO \u00e8 associato dal 2005. E\u2019 past presidente dell\u2019intergruppo europeo ENGOT.<br \/>\nIn qualit\u00e0 di presidente del gruppo MITO, il Dr. Pignata ha coordinato numerosi studi di oncologia ginecologica, alcuni dei quali sono stati recentemente pubblicati su riviste internazionali. Inoltre, \u00e8 autore di numerosi articoli scientifici su tumori gastrointestinali e ginecologici e ha presentato i risultati della sua ricerca a conferenze di oncologia internazionale e italiana.<br \/>\nIl Dr. Pignata ha studiato medicina all\u2019Universit\u00e0 \u201cFederico II\u201d, Napoli, Italia; e successivamente \u00e8 stato insignito del dottorato di ricerca in Fisiologia gastrointestinale dall\u2019Universit\u00e0 di Roma \u201cLa Sapienza\u201d.<br \/>\n\u00c8 membro dell\u2019Associazione italiana degli oncologi medici (AIOM), della Societ\u00e0 europea di oncologia medica (ESMO) e del gruppo ginecologico dell\u2019Organizzazione europea per la ricerca e il trattamento del cancro (EORTC).<br \/>\nDal 2017 \u00e8 Coordinatore Scientifico della Rete Oncologica Campana.<\/p>\n<hr \/>\n<p><a href=\"https:\/\/www.reteoncologicacampana.it\/wp-content\/uploads\/2020\/09\/immagine_004.jpg\"><img decoding=\"async\" loading=\"lazy\" class=\"alignnone size-full wp-image-25282\" src=\"https:\/\/www.reteoncologicacampana.it\/wp-content\/uploads\/2020\/09\/immagine_004.jpg\" alt=\"\" width=\"348\" height=\"261\" srcset=\"https:\/\/www.reteoncologicacampana.it\/wp-content\/uploads\/2020\/09\/immagine_004.jpg 348w, https:\/\/www.reteoncologicacampana.it\/wp-content\/uploads\/2020\/09\/immagine_004-300x225.jpg 300w\" sizes=\"(max-width: 348px) 100vw, 348px\" \/><\/a><\/p>\n<p><strong>Prof. Francesco Schiavone<\/strong><\/p>\n<p>Da Aprile 2016 sono professore associato in Economia e gestione delle imprese presso l\u2019Universit\u00e0 degli studi di Napoli Parthenope. Nel 2006 ho conseguito il dottorato di ricerca di eccellenza in \u201cEconomia delle reti e gestione della conoscenza\u201d presso la Fondazione Studi avanzati di Venezia. Dal 2012 sono professore affiliato in Gestione dell\u2019innovazione presso la Paris School of Business (Francia). Le mie principali aree di ricerca riguardano l\u2019innovazione strategica, le comunit\u00e0 di pratica, il crowdfunding e, infine, healthcare management and innovation. Dal luglio 2019 sono il responsabile scientifico del progetto pilota \u201cVal.Pe.ROC\u201d, condotto dal mio Dipartimento (DISAQ) e dall\u2019Istituto Tumori Pascale per la misurazione delle performance cliniche ed economiche della Rete Oncologica Campana (ROC).<\/p>\n<hr \/>\n<p><a href=\"https:\/\/www.reteoncologicacampana.it\/wp-content\/uploads\/2020\/09\/immagine_005.jpg\"><img decoding=\"async\" loading=\"lazy\" class=\"alignnone size-full wp-image-25284\" src=\"https:\/\/www.reteoncologicacampana.it\/wp-content\/uploads\/2020\/09\/immagine_005.jpg\" alt=\"\" width=\"348\" height=\"261\" srcset=\"https:\/\/www.reteoncologicacampana.it\/wp-content\/uploads\/2020\/09\/immagine_005.jpg 348w, https:\/\/www.reteoncologicacampana.it\/wp-content\/uploads\/2020\/09\/immagine_005-300x225.jpg 300w\" sizes=\"(max-width: 348px) 100vw, 348px\" \/><\/a><\/p>\n<p><strong>Prof. Giorgio Liguori<\/strong><\/p>\n<p>Ordinario MED42 \u2013 Cattedra di\u00a0<em>\u201cIgiene ed Epidemiologia\u201d<\/em>\u00a0\u00a0\u2013 DiSMeB, Universit\u00e0 Napoli\u00a0<em>\u201cParthenope\u201d.<\/em><br \/>\nVice-presidente Scuola Interdipartimentale delle\u00a0<em>\u201cScienze, dell\u2019Ingegneria e della Salute\u201d<\/em>.<br \/>\nCoordinatore LM67 e componente Giunta Dipartimento.<br \/>\nReferente SItI Gruppo di lavoro Ministero della Salute \u2013 Direzione Generale\u00a0 Prevenzione Sanitaria \u2013\u00a0<em>\u201cLinee di indirizzo sull\u2019attivit\u00e0 fisica\u201d<\/em>.<br \/>\nReferente Campania e CTS Osservatorio Nazionale Salute (Osservasalute), Universit\u00e0 Cattolica \u201cSacro Cuore\u201d Roma.<br \/>\nComitato Scientifico Nazionale SItI (2015-2018).<br \/>\nComponente CTS e Referente Area Sanitaria \u2013 Scuola Regionale dello Sport \u2013 CONI Campania.<br \/>\nBoard Ristretto GdL SItI\u00a0<em>\u201dScienze Motorie per la Salute\u201d<\/em>; coordinatore nazionale 2011-14.<br \/>\nCommissione implementazione dell\u2019HTA in Campania, Assessorato Sanit\u00e0 2011-12.<br \/>\nResponsabile scientifico e di Unit\u00e0 Operativa progetti di ricerca finanziati MURST, MIUR, CCM, ISPESL, CNR, Assessorato Sanit\u00e0 Campania.<br \/>\n<strong>48<\/strong>\u00a0volumi, capitoli, monografie;\u00a0<strong>222<\/strong>\u00a0articoli; +<strong>200<\/strong>\u00a0abstract a Congressi Internazionali e Nazionali. E-mail: giorgio.liguori@uniparthenope.it<\/p>\n<hr \/>\n<p><a href=\"https:\/\/www.reteoncologicacampana.it\/wp-content\/uploads\/2020\/09\/immagine_nuova.jpg\"><img decoding=\"async\" loading=\"lazy\" class=\"alignnone wp-image-25326 size-full\" src=\"https:\/\/www.reteoncologicacampana.it\/wp-content\/uploads\/2020\/09\/immagine_nuova.jpg\" alt=\"\" width=\"348\" height=\"261\" srcset=\"https:\/\/www.reteoncologicacampana.it\/wp-content\/uploads\/2020\/09\/immagine_nuova.jpg 348w, https:\/\/www.reteoncologicacampana.it\/wp-content\/uploads\/2020\/09\/immagine_nuova-300x225.jpg 300w\" sizes=\"(max-width: 348px) 100vw, 348px\" \/><\/a><\/p>\n<p><strong>Prof. Giorgia Rivieccio<\/strong><\/p>\n<p>Giorgia Rivieccio \u00e8 professore associato in Statistica Economica presso il Dipartimento di Studi Aziendali e Quantitativi dell\u2019Universit\u00e0 degli Studi di Napoli Parthenope. L\u2019ambito di ricerca e di didattica della prof.ssa Rivieccio riguarda l\u2019applicazione di tecniche statistiche di analisi multivariata, di analisi delle serie storiche, delle funzioni copula e, pi\u00f9 in generale, dei modelli di dipendenza non lineari in finanza e nel risk management, in economia, nel management e nell\u2019health. Ha insegnato per diversi anni a Milano, all\u2019Universit\u00e0 Bicocca e in master. \u00c8 autrice di pubblicazioni scientifiche su riviste prestigiose ed \u00e8 stata relatrice in numerose conferenze internazionali. E\u2019 stata visiting professor alla Technical University of Munich (TUM) e presso la World Meteorological Organization (Geneve, ONU). E\u2019 membro della Societ\u00e0 Italiana di Statistica (SIS), del CFE network in Financial Applications, del Financial Econometrics and Time Series Econometrics gruppo e del CMStatistics working group on\u00a0Dependence Models and Copulas ed infine dei gruppi Times Series and Modeling and Computation.<\/p>\n<hr \/>\n<p><a href=\"https:\/\/www.reteoncologicacampana.it\/wp-content\/uploads\/2020\/09\/immagine_002.jpg\"><img decoding=\"async\" loading=\"lazy\" class=\"alignnone size-full wp-image-25277\" src=\"https:\/\/www.reteoncologicacampana.it\/wp-content\/uploads\/2020\/09\/immagine_002.jpg\" alt=\"\" width=\"800\" height=\"150\" srcset=\"https:\/\/www.reteoncologicacampana.it\/wp-content\/uploads\/2020\/09\/immagine_002.jpg 800w, https:\/\/www.reteoncologicacampana.it\/wp-content\/uploads\/2020\/09\/immagine_002-300x56.jpg 300w, https:\/\/www.reteoncologicacampana.it\/wp-content\/uploads\/2020\/09\/immagine_002-768x144.jpg 768w\" sizes=\"(max-width: 800px) 100vw, 800px\" \/><\/a>[\/vc_column_text][\/vc_column][\/vc_row]<\/p>\n","protected":false},"excerpt":{"rendered":"<p>[vc_row][vc_column][vc_column_text] Prof. Sandro Pignata Sandro Pignata, MD, PhD, \u00e8 il Direttore della divisione di oncologia medica del dipartimento di Uro-ginecologia&#8230;<\/p>\n","protected":false},"author":1,"featured_media":0,"parent":0,"menu_order":0,"comment_status":"closed","ping_status":"closed","template":"","meta":[],"yoast_head":"<!-- This site is optimized with the Yoast SEO plugin v20.3 - https:\/\/yoast.com\/wordpress\/plugins\/seo\/ -->\r\n<title>Chi siamo - R.O.C. - Rete Oncologica Campana<\/title>\r\n<meta name=\"robots\" content=\"index, follow, max-snippet:-1, max-image-preview:large, max-video-preview:-1\" \/>\r\n<link rel=\"canonical\" href=\"https:\/\/www.reteoncologicacampana.it\/?page_id=25280\" \/>\r\n<meta property=\"og:locale\" content=\"it_IT\" \/>\r\n<meta property=\"og:type\" content=\"article\" \/>\r\n<meta property=\"og:title\" content=\"Chi siamo - R.O.C. - Rete Oncologica Campana\" \/>\r\n<meta property=\"og:description\" content=\"[vc_row][vc_column][vc_column_text] Prof. Sandro Pignata Sandro Pignata, MD, PhD, \u00e8 il Direttore della divisione di oncologia medica del dipartimento di Uro-ginecologia...\" \/>\r\n<meta property=\"og:url\" content=\"https:\/\/www.reteoncologicacampana.it\/?page_id=25280\" \/>\r\n<meta property=\"og:site_name\" content=\"R.O.C. - Rete Oncologica Campana\" \/>\r\n<meta property=\"article:modified_time\" content=\"2020-09-22T07:49:21+00:00\" \/>\r\n<meta property=\"og:image\" content=\"https:\/\/www.reteoncologicacampana.it\/wp-content\/uploads\/2020\/09\/immagine_003.jpg\" \/>\r\n<meta name=\"twitter:card\" content=\"summary_large_image\" \/>\r\n<meta name=\"twitter:label1\" content=\"Tempo di lettura stimato\" \/>\n\t<meta name=\"twitter:data1\" content=\"3 minuti\" \/>\r\n<script type=\"application\/ld+json\" class=\"yoast-schema-graph\">{\"@context\":\"https:\/\/schema.org\",\"@graph\":[{\"@type\":\"WebPage\",\"@id\":\"https:\/\/www.reteoncologicacampana.it\/?page_id=25280\",\"url\":\"https:\/\/www.reteoncologicacampana.it\/?page_id=25280\",\"name\":\"Chi siamo - R.O.C. - Rete Oncologica Campana\",\"isPartOf\":{\"@id\":\"https:\/\/www.reteoncologicacampana.it\/#website\"},\"datePublished\":\"2020-09-09T07:17:48+00:00\",\"dateModified\":\"2020-09-22T07:49:21+00:00\",\"breadcrumb\":{\"@id\":\"https:\/\/www.reteoncologicacampana.it\/?page_id=25280#breadcrumb\"},\"inLanguage\":\"it-IT\",\"potentialAction\":[{\"@type\":\"ReadAction\",\"target\":[\"https:\/\/www.reteoncologicacampana.it\/?page_id=25280\"]}]},{\"@type\":\"BreadcrumbList\",\"@id\":\"https:\/\/www.reteoncologicacampana.it\/?page_id=25280#breadcrumb\",\"itemListElement\":[{\"@type\":\"ListItem\",\"position\":1,\"name\":\"Home\",\"item\":\"https:\/\/www.reteoncologicacampana.it\/\"},{\"@type\":\"ListItem\",\"position\":2,\"name\":\"Chi siamo\"}]},{\"@type\":\"WebSite\",\"@id\":\"https:\/\/www.reteoncologicacampana.it\/#website\",\"url\":\"https:\/\/www.reteoncologicacampana.it\/\",\"name\":\"R.O.C. - Rete Oncologica Campana\",\"description\":\"\",\"potentialAction\":[{\"@type\":\"SearchAction\",\"target\":{\"@type\":\"EntryPoint\",\"urlTemplate\":\"https:\/\/www.reteoncologicacampana.it\/?s={search_term_string}\"},\"query-input\":\"required name=search_term_string\"}],\"inLanguage\":\"it-IT\"}]}<\/script>\r\n<!-- \/ Yoast SEO plugin. -->","yoast_head_json":{"title":"Chi siamo - R.O.C. - Rete Oncologica Campana","robots":{"index":"index","follow":"follow","max-snippet":"max-snippet:-1","max-image-preview":"max-image-preview:large","max-video-preview":"max-video-preview:-1"},"canonical":"https:\/\/www.reteoncologicacampana.it\/?page_id=25280","og_locale":"it_IT","og_type":"article","og_title":"Chi siamo - R.O.C. - Rete Oncologica Campana","og_description":"[vc_row][vc_column][vc_column_text] Prof. Sandro Pignata Sandro Pignata, MD, PhD, \u00e8 il Direttore della divisione di oncologia medica del dipartimento di Uro-ginecologia...","og_url":"https:\/\/www.reteoncologicacampana.it\/?page_id=25280","og_site_name":"R.O.C. - Rete Oncologica Campana","article_modified_time":"2020-09-22T07:49:21+00:00","og_image":[{"url":"https:\/\/www.reteoncologicacampana.it\/wp-content\/uploads\/2020\/09\/immagine_003.jpg"}],"twitter_card":"summary_large_image","twitter_misc":{"Tempo di lettura stimato":"3 minuti"},"schema":{"@context":"https:\/\/schema.org","@graph":[{"@type":"WebPage","@id":"https:\/\/www.reteoncologicacampana.it\/?page_id=25280","url":"https:\/\/www.reteoncologicacampana.it\/?page_id=25280","name":"Chi siamo - R.O.C. - Rete Oncologica Campana","isPartOf":{"@id":"https:\/\/www.reteoncologicacampana.it\/#website"},"datePublished":"2020-09-09T07:17:48+00:00","dateModified":"2020-09-22T07:49:21+00:00","breadcrumb":{"@id":"https:\/\/www.reteoncologicacampana.it\/?page_id=25280#breadcrumb"},"inLanguage":"it-IT","potentialAction":[{"@type":"ReadAction","target":["https:\/\/www.reteoncologicacampana.it\/?page_id=25280"]}]},{"@type":"BreadcrumbList","@id":"https:\/\/www.reteoncologicacampana.it\/?page_id=25280#breadcrumb","itemListElement":[{"@type":"ListItem","position":1,"name":"Home","item":"https:\/\/www.reteoncologicacampana.it\/"},{"@type":"ListItem","position":2,"name":"Chi siamo"}]},{"@type":"WebSite","@id":"https:\/\/www.reteoncologicacampana.it\/#website","url":"https:\/\/www.reteoncologicacampana.it\/","name":"R.O.C. - Rete Oncologica Campana","description":"","potentialAction":[{"@type":"SearchAction","target":{"@type":"EntryPoint","urlTemplate":"https:\/\/www.reteoncologicacampana.it\/?s={search_term_string}"},"query-input":"required name=search_term_string"}],"inLanguage":"it-IT"}]}},"_links":{"self":[{"href":"https:\/\/www.reteoncologicacampana.it\/index.php?rest_route=\/wp\/v2\/pages\/25280"}],"collection":[{"href":"https:\/\/www.reteoncologicacampana.it\/index.php?rest_route=\/wp\/v2\/pages"}],"about":[{"href":"https:\/\/www.reteoncologicacampana.it\/index.php?rest_route=\/wp\/v2\/types\/page"}],"author":[{"embeddable":true,"href":"https:\/\/www.reteoncologicacampana.it\/index.php?rest_route=\/wp\/v2\/users\/1"}],"replies":[{"embeddable":true,"href":"https:\/\/www.reteoncologicacampana.it\/index.php?rest_route=%2Fwp%2Fv2%2Fcomments&post=25280"}],"version-history":[{"count":4,"href":"https:\/\/www.reteoncologicacampana.it\/index.php?rest_route=\/wp\/v2\/pages\/25280\/revisions"}],"predecessor-version":[{"id":25327,"href":"https:\/\/www.reteoncologicacampana.it\/index.php?rest_route=\/wp\/v2\/pages\/25280\/revisions\/25327"}],"wp:attachment":[{"href":"https:\/\/www.reteoncologicacampana.it\/index.php?rest_route=%2Fwp%2Fv2%2Fmedia&parent=25280"}],"curies":[{"name":"wp","href":"https:\/\/api.w.org\/{rel}","templated":true}]}}