{"id":25956,"date":"2024-06-03T10:51:36","date_gmt":"2024-06-03T10:51:36","guid":{"rendered":"https:\/\/www.reteoncologicacampana.it\/?page_id=25956"},"modified":"2024-12-17T14:43:08","modified_gmt":"2024-12-17T14:43:08","slug":"associazione-dei-pazienti","status":"publish","type":"page","link":"https:\/\/www.reteoncologicacampana.it\/?page_id=25956","title":{"rendered":"Associazione dei Pazienti"},"content":{"rendered":"<p>[vc_row][vc_column][vc_column_text]Annualmente professionisti di diverse discipline collaborano per la stesura dei nuovi PDTA e Documenti Tecnici o per la revisione delle versioni degli anni precedenti. Si tratta un lavoro lungo e impegnativo finalizzato alla creazione di documenti unici a livello regionale che definiscano i percorsi diagnostici, terapeutici e assistenziali per ogni patologia oncologica e gli interventi multidisciplinari che ne conseguono. I PDTA\u00a0vengono utilizzati per migliorare la qualit\u00e0 ed efficienza delle cure, ridurre la variabilit\u00e0 nelle cure e garantire cure appropriate al maggior numero di pazienti.<\/p>\n<p>Nell\u2019ambito della Rete Oncologica Campana, tutti i documenti vengono sottoposti a 5 <em>round<\/em> di revisione:<\/p>\n<ul>\n<li>Primi estensori (Componenti di varie specialit\u00e0 dai vari ospedali della regione e Medici di medicina generale)<\/li>\n<li>Referenti di rete delle 11 AO e 7 ASL (Condivisione con tutti gli specialisti interni)<\/li>\n<li>Medici di medicina generale (Partecipano anche al prima livello di revisione)<\/li>\n<li>Societ\u00e0 Scientifiche (Referenti regionali AIOM, CIPOMO, AIRO, SIPO)<\/li>\n<li>Associazione pazienti (Referenti regionali FAVO)<\/li>\n<\/ul>\n<p>Nello specifico, FAVO contribuisce suggerendo dei Percorsi da sviluppare all\u2019interno della ROC prima della revisione successiva dei PDTA<\/p>\n<p><strong><a href=\"https:\/\/www.reteoncologicacampana.it\/wp-content\/uploads\/2024\/07\/revisone-generale-introduttiva-PDTA-2024-a-cura-di-Favo-Campania.pdf\" target=\"_blank\" rel=\"noopener\"><span style=\"color: #ff0000;\">Revisone generale introduttiva PDTA 2024 &#8211; a cura di Favo Campania<\/span><\/a><\/strong><\/p>\n<p><span style=\"color: #ff0000;\"><strong><a style=\"color: #ff0000;\" href=\"https:\/\/www.reteoncologicacampana.it\/wp-content\/uploads\/2024\/09\/Deliberazione_1103_2024.pdf\" target=\"_blank\" rel=\"noopener\">ACCORDO DI COLLABORAZIONE AI SENSI DEGLI ACCORDI STATO-REGIONI REP. ATTI N. 165\/CSR E N. 166\/CSR DEL 26 LUGLIO 2023 TRA L\u2019ISTITUTO NAZIONALE PER LO STUDIO E LA CURA DEI TUMORI FONDAZIONE G.PASCALE E LA FEDERAZIONE FAVO ETS<\/a><\/strong><\/span>[\/vc_column_text][\/vc_column][\/vc_row][vc_row][vc_column][vc_tta_accordion style=&#8221;flat&#8221; color=&#8221;juicy-pink&#8221; active_section=&#8221;1&#8243; no_fill=&#8221;true&#8221;][vc_tta_section title=&#8221;FAVO&#8221; tab_id=&#8221;1734446330372-cc3ffb67-a2d4&#8243;][vc_column_text]<\/p>\n<h4>Chi siamo?<\/h4>\n<p>Noi siamo, per scelta e per Statuto, quelli che il cancro lo hanno sotto la propria pelle.<\/p>\n<p>Negli organi direttivi delle nostre associazioni, ci sono i pazienti ed i loro familiari.<\/p>\n<p>Ogni giorno, ci ritagliamo un tempo ed uno spazio di astrazione dalla malattia, dove studiare di leggi, diritti, linee guida, studi clinici, innovazioni tecnologiche di diagnostica e cura, unmet needs\u2026<\/p>\n<p>Consci della complessit\u00e0 e della \u201cfatigue\u201d, abbracciamo nei nostri \u201ccorpus\u201d valenti professionisti dell\u2019area sanitaria, cittadini sani, per garantirci l\u2019equilibrio tra la ragione e le emozioni.<\/p>\n<h4>FAVO e la ROC<\/h4>\n<p>Ante accordo Conferenza Stato-Regioni n 166\/CSR del 26 luglio 2023, le associazioni di pazienti oncologici, federate in FAVO Campania, e membri del direttivo regionale, a partire dai PDTA estesi dal 2019, hanno inteso il proprio <em>ROUND<\/em> di revisione, in una duplice modalit\u00e0:<\/p>\n<ul>\n<li>palestra del dubbio, per facilitare la comprensione dei bisogni mutevoli dei pazienti, e adeguarne i PDTA<\/li>\n<li>la Migliore Occasione per edificare quel PONTE, tanto agognato, tra due punti di vista, spesso diversi, a volte opposti.<\/li>\n<\/ul>\n<p>Il \u201cpatient journey\u201d corre quotidianamente su questo ponte, intrecciandosi con un analogo viaggio che anche il professionista sanitario compie.<\/p>\n<p>Di per s\u00e9, essere in contemporanea sulla stessa strada, non garantisce una equa meta per tutti.<\/p>\n<h4>La sfida di FAVO<\/h4>\n<p>La nostra sfida \u00e8 proprio questa: valorizzare e custodire le diversit\u00e0, armonizzando i \u201cpunti di vista\u201d, per la definizione della \u201cmeta comune\u201d e per la conquista di un sempre pi\u00f9 elevato livello di tutela della Salute.<\/p>\n<p>Sentiamo maturo, inderogabile, il tempo per passare, nelle operativit\u00e0 concertate, dalla valle al monte della ROC, e rendere, cos\u00ec, compiuto il dettato Costituzionale sulla com-partecipazione attiva e la co-governance dei cittadini \u201cdiretti interessati\u201d.<\/p>\n<h4>Associazioni federate in FAVO attive nei percorsi di revisione PDTA 2019-2024:<\/h4>\n<ul>\n<li><strong><em><a href=\"https:\/\/www.favo.it\/profilo-associazione\/1503-amdos.html\">A.M.D.O.S. ITALIA di Avellino \u2013 ONLUS \u2013 Associazione Meridionale Donne Operate al Seno<\/a><\/em><\/strong><\/li>\n<li><strong><em><a href=\"https:\/\/www.favo.it\/profilo-associazione\/1553-aitt.html\">AITT \u2013 Associazione Italiana Tumore del Testicolo<\/a><\/em><\/strong><\/li>\n<li><strong><em><a href=\"https:\/\/www.favo.it\/profilo-associazione\/1629-alto-lotta-al-tumore-ovarico.html\">ALTO Associazione Lotta al Tumore Ovarico A.P.S E.T.S<\/a><\/em><\/strong><\/li>\n<li><strong><em><a href=\"https:\/\/www.favo.it\/profilo-associazione\/alts.html\">ALTS \u2013 Associazione per la Lotta ai Tumori del Seno<\/a><\/em><\/strong><\/li>\n<li><strong><em><a href=\"https:\/\/www.favo.it\/profilo-associazione\/compagnidiviaggio.html\">Associazione \u201cCompagni di viaggio\u201d Onlus-Ets<\/a><\/em><\/strong><\/li>\n<li><strong><em><a href=\"https:\/\/www.favo.it\/profilo-associazione\/dolore-no.html\">Associazione Campana DO.NO \u2013 Dolore No<\/a><\/em><\/strong><\/li>\n<li><strong><em><a href=\"https:\/\/www.favo.it\/profilo-associazione\/1637-genitori-insieme.html\">ASSOCIAZIONE GENITORI INSIEME APS ETS<\/a><\/em><\/strong><\/li>\n<li><strong><em><a href=\"https:\/\/www.favo.it\/profilo-associazione\/househospital.html\">Associazione House Hospital Onlus<\/a><\/em><\/strong><\/li>\n<li><strong><em><a href=\"https:\/\/www.favo.it\/profilo-associazione\/1632-open.html\">Associazione Oncologia Pediatrica E Neuroblastoma \u2013 OPEN OdV<\/a><\/em><\/strong><\/li>\n<li><strong><em><a href=\"https:\/\/www.favo.it\/profilo-associazione\/1558-insieme-per-rinascere.html\">Insieme per rinascere<\/a><\/em><\/strong><\/li>\n<li><strong><em><a href=\"https:\/\/www.favo.it\/profilo-associazione\/noiperte.html\">Noi per te- Volontariato Oncologia e Cure Palliative<\/a><\/em><\/strong><\/li>\n<li><strong><em><a href=\"https:\/\/www.favo.it\/profilo-associazione\/1493-sassolini-bianchi.html\">noi amici dell\u2019hospice \u2013 \u201cUn Hospice per Eboli\u201d<\/a><\/em><\/strong><\/li>\n<li><strong><em><a href=\"https:\/\/www.favo.it\/profilo-associazione\/umanaonlus.html\">Uniti Contro le Malattie Neoplastiche<\/a><\/em><\/strong><\/li>\n<li><a href=\"https:\/\/www.favo.it\/profilo-associazione\/1489-underforty.html\"><strong><em>Underforty Women Breast Care<\/em><\/strong><\/a><\/li>\n<\/ul>\n<p>[\/vc_column_text][\/vc_tta_section][vc_tta_section title=&#8221;IncontraDonna&#8221; tab_id=&#8221;1734446330372-1f309f15-d848&#8243;][vc_column_text]Fondazione IncontraDonna, attiva dal 2008, \u00e8 un\u2019organizzazione non profit, regolarmente iscritta al RUNTS, che promuove il diritto alla salute, la cultura della prevenzione e l\u2019adozione di stili di vita corretti al fine di mantenersi in buona salute, con focus sull\u2019oncologia e sulla salute della donna. L\u2019attivit\u00e0 di IncontraDonna negli anni ha consentito all\u2019associazione di essere riconosciuta e stimata a livello nazionale, di costituire un Comitato Tecnico Scientifico di alto profilo e di avvalersi di esperti\/e patient advocate coinvolti\/e, in rappresentanza della Fondazione, nei principali tavoli tecnici istituzionali nazionali e regionali.<\/p>\n<p>PRINCIPALI AREE DI INTERVENTO:<\/p>\n<p>&#8211; Prevenzione oncologica primaria e secondaria<\/p>\n<p>&#8211; Cura e Supporto in oncologia<\/p>\n<p>&#8211; Tumori del Seno e Salute della Donna<\/p>\n<p>&#8211; Prevenzione per le categorie \u00abfragili\u00bb<\/p>\n<p>OBIETTIVI<\/p>\n<p>&#8211; Diffondere la conoscenza dei corretti stili di vita a qualunque et\u00e0 e la cultura della prevenzione oncologica;<\/p>\n<p>&#8211; Stimolare attivamente il dialogo fra Istituzioni, Comunit\u00e0 Scientifiche e Associazioni per promuovere un sistema salute sempre pi\u00f9 fondato su equit\u00e0, innovazione e accessibilit\u00e0, a tutela dei diritti e dei bisogni di pazienti e collettivit\u00e0;<\/p>\n<p>&#8211; Migliorare la conoscenza della popolazione rispetto ai servizi offerti dal SSN;<\/p>\n<p>&#8211; Supportare i pazienti e i loro caregiver, anche attraverso l\u2019offerta di attivit\u00e0 gratuite mente \u2013 corpo, di sport e benessere.<\/p>\n<p>&#8211; Implementare la formazione di pazienti, caregiver, volontari e personale sanitario (corsi ECM)<\/p>\n<p>Fondazione IncontraDonna \u00e8 una realt\u00e0 nazionale impegnata anche a livello locale, \u00e8 infatti presente nelle ROR (Reti Oncologiche Regionali) di: Campania, Lazio, Liguria, Piemonte- Valle D&#8217;Aosta e Provincia Autonoma di Trento e ha inoltrato la domanda di ammissione in tutte le altre Regioni.<\/p>\n<p>Inoltre, i Comitati Regionali di IncontraDonna ufficialmente presenti in Italia sono 10: Roma (Lazio) Avezzano (Abruzzo), Napoli (Campania), Potenza (Basilicata), Cosenza (Calabria), Palermo (Sicilia), Milano (Lombardia), Barletta (Puglia), Cagliari (Sardegna) e Ancona (Marche).[\/vc_column_text][\/vc_tta_section][\/vc_tta_accordion][\/vc_column][\/vc_row]<\/p>\n","protected":false},"excerpt":{"rendered":"<p>[vc_row][vc_column][vc_column_text]Annualmente professionisti di diverse discipline collaborano per la stesura dei nuovi PDTA e Documenti Tecnici o per la revisione delle&#8230;<\/p>\n","protected":false},"author":1,"featured_media":0,"parent":0,"menu_order":0,"comment_status":"closed","ping_status":"closed","template":"","meta":[],"yoast_head":"<!-- This site is optimized with the Yoast SEO plugin v20.3 - https:\/\/yoast.com\/wordpress\/plugins\/seo\/ -->\r\n<title>Associazione dei Pazienti - R.O.C. - Rete Oncologica Campana<\/title>\r\n<meta name=\"robots\" content=\"index, follow, max-snippet:-1, max-image-preview:large, max-video-preview:-1\" \/>\r\n<link rel=\"canonical\" href=\"https:\/\/www.reteoncologicacampana.it\/?page_id=25956\" \/>\r\n<meta property=\"og:locale\" content=\"it_IT\" \/>\r\n<meta property=\"og:type\" content=\"article\" \/>\r\n<meta property=\"og:title\" content=\"Associazione dei Pazienti - R.O.C. - Rete Oncologica Campana\" \/>\r\n<meta property=\"og:description\" content=\"[vc_row][vc_column][vc_column_text]Annualmente professionisti di diverse discipline collaborano per la stesura dei nuovi PDTA e Documenti Tecnici o per la revisione delle...\" \/>\r\n<meta property=\"og:url\" content=\"https:\/\/www.reteoncologicacampana.it\/?page_id=25956\" \/>\r\n<meta property=\"og:site_name\" content=\"R.O.C. - Rete Oncologica Campana\" \/>\r\n<meta property=\"article:modified_time\" content=\"2024-12-17T14:43:08+00:00\" \/>\r\n<meta name=\"twitter:card\" content=\"summary_large_image\" \/>\r\n<meta name=\"twitter:label1\" content=\"Tempo di lettura stimato\" \/>\n\t<meta name=\"twitter:data1\" content=\"5 minuti\" \/>\r\n<script type=\"application\/ld+json\" class=\"yoast-schema-graph\">{\"@context\":\"https:\/\/schema.org\",\"@graph\":[{\"@type\":\"WebPage\",\"@id\":\"https:\/\/www.reteoncologicacampana.it\/?page_id=25956\",\"url\":\"https:\/\/www.reteoncologicacampana.it\/?page_id=25956\",\"name\":\"Associazione dei Pazienti - R.O.C. - Rete Oncologica Campana\",\"isPartOf\":{\"@id\":\"https:\/\/www.reteoncologicacampana.it\/#website\"},\"datePublished\":\"2024-06-03T10:51:36+00:00\",\"dateModified\":\"2024-12-17T14:43:08+00:00\",\"breadcrumb\":{\"@id\":\"https:\/\/www.reteoncologicacampana.it\/?page_id=25956#breadcrumb\"},\"inLanguage\":\"it-IT\",\"potentialAction\":[{\"@type\":\"ReadAction\",\"target\":[\"https:\/\/www.reteoncologicacampana.it\/?page_id=25956\"]}]},{\"@type\":\"BreadcrumbList\",\"@id\":\"https:\/\/www.reteoncologicacampana.it\/?page_id=25956#breadcrumb\",\"itemListElement\":[{\"@type\":\"ListItem\",\"position\":1,\"name\":\"Home\",\"item\":\"https:\/\/www.reteoncologicacampana.it\/\"},{\"@type\":\"ListItem\",\"position\":2,\"name\":\"Associazione dei Pazienti\"}]},{\"@type\":\"WebSite\",\"@id\":\"https:\/\/www.reteoncologicacampana.it\/#website\",\"url\":\"https:\/\/www.reteoncologicacampana.it\/\",\"name\":\"R.O.C. - Rete Oncologica Campana\",\"description\":\"\",\"potentialAction\":[{\"@type\":\"SearchAction\",\"target\":{\"@type\":\"EntryPoint\",\"urlTemplate\":\"https:\/\/www.reteoncologicacampana.it\/?s={search_term_string}\"},\"query-input\":\"required name=search_term_string\"}],\"inLanguage\":\"it-IT\"}]}<\/script>\r\n<!-- \/ Yoast SEO plugin. -->","yoast_head_json":{"title":"Associazione dei Pazienti - R.O.C. - Rete Oncologica Campana","robots":{"index":"index","follow":"follow","max-snippet":"max-snippet:-1","max-image-preview":"max-image-preview:large","max-video-preview":"max-video-preview:-1"},"canonical":"https:\/\/www.reteoncologicacampana.it\/?page_id=25956","og_locale":"it_IT","og_type":"article","og_title":"Associazione dei Pazienti - R.O.C. - Rete Oncologica Campana","og_description":"[vc_row][vc_column][vc_column_text]Annualmente professionisti di diverse discipline collaborano per la stesura dei nuovi PDTA e Documenti Tecnici o per la revisione delle...","og_url":"https:\/\/www.reteoncologicacampana.it\/?page_id=25956","og_site_name":"R.O.C. - Rete Oncologica Campana","article_modified_time":"2024-12-17T14:43:08+00:00","twitter_card":"summary_large_image","twitter_misc":{"Tempo di lettura stimato":"5 minuti"},"schema":{"@context":"https:\/\/schema.org","@graph":[{"@type":"WebPage","@id":"https:\/\/www.reteoncologicacampana.it\/?page_id=25956","url":"https:\/\/www.reteoncologicacampana.it\/?page_id=25956","name":"Associazione dei Pazienti - R.O.C. - Rete Oncologica Campana","isPartOf":{"@id":"https:\/\/www.reteoncologicacampana.it\/#website"},"datePublished":"2024-06-03T10:51:36+00:00","dateModified":"2024-12-17T14:43:08+00:00","breadcrumb":{"@id":"https:\/\/www.reteoncologicacampana.it\/?page_id=25956#breadcrumb"},"inLanguage":"it-IT","potentialAction":[{"@type":"ReadAction","target":["https:\/\/www.reteoncologicacampana.it\/?page_id=25956"]}]},{"@type":"BreadcrumbList","@id":"https:\/\/www.reteoncologicacampana.it\/?page_id=25956#breadcrumb","itemListElement":[{"@type":"ListItem","position":1,"name":"Home","item":"https:\/\/www.reteoncologicacampana.it\/"},{"@type":"ListItem","position":2,"name":"Associazione dei Pazienti"}]},{"@type":"WebSite","@id":"https:\/\/www.reteoncologicacampana.it\/#website","url":"https:\/\/www.reteoncologicacampana.it\/","name":"R.O.C. - Rete Oncologica Campana","description":"","potentialAction":[{"@type":"SearchAction","target":{"@type":"EntryPoint","urlTemplate":"https:\/\/www.reteoncologicacampana.it\/?s={search_term_string}"},"query-input":"required name=search_term_string"}],"inLanguage":"it-IT"}]}},"_links":{"self":[{"href":"https:\/\/www.reteoncologicacampana.it\/index.php?rest_route=\/wp\/v2\/pages\/25956"}],"collection":[{"href":"https:\/\/www.reteoncologicacampana.it\/index.php?rest_route=\/wp\/v2\/pages"}],"about":[{"href":"https:\/\/www.reteoncologicacampana.it\/index.php?rest_route=\/wp\/v2\/types\/page"}],"author":[{"embeddable":true,"href":"https:\/\/www.reteoncologicacampana.it\/index.php?rest_route=\/wp\/v2\/users\/1"}],"replies":[{"embeddable":true,"href":"https:\/\/www.reteoncologicacampana.it\/index.php?rest_route=%2Fwp%2Fv2%2Fcomments&post=25956"}],"version-history":[{"count":13,"href":"https:\/\/www.reteoncologicacampana.it\/index.php?rest_route=\/wp\/v2\/pages\/25956\/revisions"}],"predecessor-version":[{"id":26093,"href":"https:\/\/www.reteoncologicacampana.it\/index.php?rest_route=\/wp\/v2\/pages\/25956\/revisions\/26093"}],"wp:attachment":[{"href":"https:\/\/www.reteoncologicacampana.it\/index.php?rest_route=%2Fwp%2Fv2%2Fmedia&parent=25956"}],"curies":[{"name":"wp","href":"https:\/\/api.w.org\/{rel}","templated":true}]}}