{"id":25982,"date":"2024-06-19T07:37:46","date_gmt":"2024-06-19T07:37:46","guid":{"rendered":"https:\/\/www.reteoncologicacampana.it\/?page_id=25982"},"modified":"2025-11-04T11:13:58","modified_gmt":"2025-11-04T11:13:58","slug":"studi-clinici-in-corso","status":"publish","type":"page","link":"https:\/\/www.reteoncologicacampana.it\/?page_id=25982","title":{"rendered":"Studi Clinici in corso"},"content":{"rendered":"<p>[vc_row][vc_column][vc_column_text]<\/p>\n<p style=\"text-align: left;\" align=\"center\"><b>La Ricerca clinica nella Rete Oncologica Campana<\/b><\/p>\n<p>\u00c8 importante che nell\u2019ambito delle reti oncologiche si sviluppino attivit\u00e0 di ricerca: la <strong>Rete Oncologica Campana<\/strong> \u00e8 diventata ambito di nascita e di sviluppo di filoni di studio e di ricerca, che si sono concretizzati nello studio <strong>ONCOCAMP<\/strong>, uno studio osservazionale retrospettivo-prospettico finalizzato a raccogliere dati dalla piattaforma <strong>ROC<\/strong> e a monitorare la performance della <strong>Rete Oncologica Campana.<\/strong> Il presente studio, che si pone lo scopo di creare un registro di tutti i pazienti oncologici inseriti in piattaforma <strong>ROC<\/strong> e che hanno intrapreso o inizieranno un percorso <strong>GOM<\/strong>, per natura, non richiede al paziente alcune procedura al di fuori della pratica clinica.<\/p>\n<p>Inoltre, ciascun paziente, in base alle caratteristiche cliniche e al tipo di neoplasia, pu\u00f2 ricevere la proposta di partecipare a uno studio clinico dai medici del centro in cui \u00e8 seguito o dai professionisti del <strong>Gruppo Oncologico Multidisciplinare (GOM)<\/strong> che lo ha preso in carico.<\/p>\n<p>Non in tutti i centri oncologici sono attivi tutti gli studi clinici disponibili; infatti se lo studio non \u00e8 attivo presso un centro, il paziente pu\u00f2 essere indirizzato dal medico in un altro centro in cui lo studio \u00e8 attivo.<\/p>\n<p>Di seguito \u00e8 possibile consultare gli studi clinici attivi e i centri oncologici della <strong>Regione Campania<\/strong> coinvolti.[\/vc_column_text][\/vc_column][\/vc_row][vc_row][vc_column][vc_column_text]ELENCO STUDI CLINICI IN CORSO<\/p>\n<p>Link: <a href=\"https:\/\/euclinicaltrials.eu\/search-for-clinical-trials\/trial-map\/?lang=it\">https:\/\/euclinicaltrials.eu\/search-for-clinical-trials\/trial-map\/?lang=it<\/a><\/p>\n<p><a href=\"https:\/\/euclinicaltrials.eu\/search-for-clinical-trials\/trial-map\/?lang=it\"><img decoding=\"async\" loading=\"lazy\" class=\"alignnone wp-image-26255\" src=\"https:\/\/www.reteoncologicacampana.it\/wp-content\/uploads\/2025\/11\/mapp-scaled.jpg\" alt=\"\" width=\"807\" height=\"536\" srcset=\"https:\/\/www.reteoncologicacampana.it\/wp-content\/uploads\/2025\/11\/mapp-scaled.jpg 2560w, https:\/\/www.reteoncologicacampana.it\/wp-content\/uploads\/2025\/11\/mapp-300x199.jpg 300w, https:\/\/www.reteoncologicacampana.it\/wp-content\/uploads\/2025\/11\/mapp-1024x680.jpg 1024w, https:\/\/www.reteoncologicacampana.it\/wp-content\/uploads\/2025\/11\/mapp-768x510.jpg 768w, https:\/\/www.reteoncologicacampana.it\/wp-content\/uploads\/2025\/11\/mapp-1536x1020.jpg 1536w, https:\/\/www.reteoncologicacampana.it\/wp-content\/uploads\/2025\/11\/mapp-2048x1361.jpg 2048w\" sizes=\"(max-width: 807px) 100vw, 807px\" \/><\/a><\/p>\n<p>Legenda per la ricerca dei centri con studi sulla patologia oncologica della Rete Oncologica Campana nella nostra regione:<\/p>\n<p>Per individuare i centri che hanno studi dedicati alle patologie oncologiche della Rete Oncologica Campana presenti nella nostra regione, seguire le istruzioni nella sezione &#8220;Cerca Studi&#8221;:<\/p>\n<p>Prima di procedere alla ricerca per patologia, \u00e8 obbligatorio inserire i seguenti parametri:<\/p>\n<ul>\n<li>Paese (Nazione): Selezionare <strong>Italia<\/strong><\/li>\n<li>Visualizza siti per: Scegliere <strong>Regione<\/strong><\/li>\n<\/ul>\n<p>Per le condizioni mediche (patologie con PDTA della ROC), inserire le patologie in inglese. Ad esempio:<\/p>\n<p>&#8220;Lung Cancer&#8221; per carcinoma polmonare<\/p>\n<p>&#8220;Breast Cancer&#8221; per carcinoma mammario<\/p>\n<p>&#8220;Colorectal Cancer&#8221; per cancro colorettale<\/p>\n<p>&#8220;Gastric Cancer&#8221; per carcinoma gastrico<\/p>\n<p>&#8220;Pancreatic Cancer&#8221; per carcinoma pancreatico<\/p>\n<p>Seguendo questa procedura, sar\u00e0 possibile individuare i centri coinvolti e i relativi studi sulla patologia oncologica di interesse nella nostra regione<\/p>\n<table>\n<tbody>\n<tr>\n<td width=\"321\">PDTA (PATOLOGIA)<\/td>\n<td width=\"321\">PAROLE CHIAVI<\/td>\n<\/tr>\n<tr>\n<td width=\"321\">Tumore Retto<\/td>\n<td width=\"321\">Colon Cancer<\/td>\n<\/tr>\n<tr>\n<td width=\"321\">Tumore Colon<\/td>\n<td width=\"321\">Rectal Cancer<\/td>\n<\/tr>\n<tr>\n<td width=\"321\">Carcinoma Colon-Retto : Colorectal Cancer<\/td>\n<td width=\"321\">Colorectal Cancer:<\/td>\n<\/tr>\n<tr>\n<td width=\"321\">Tumore Della Mammella :<\/td>\n<td width=\"321\">Breast Cancer:<\/td>\n<\/tr>\n<tr>\n<td width=\"321\">Carcinoma Della Cervice Uterina :<\/td>\n<td width=\"321\">Cervical Cancer:<\/td>\n<\/tr>\n<tr>\n<td width=\"321\">Carcinoma Dell\u2019ovaio :<\/td>\n<td width=\"321\">Ovarian Cancer:<\/td>\n<\/tr>\n<tr>\n<td width=\"321\">Carcinoma Dello Stomaco :<\/td>\n<td width=\"321\">Stomach Cancer:<\/td>\n<\/tr>\n<tr>\n<td width=\"321\">Tumori Del Pancreas Esocrino :<\/td>\n<td width=\"321\">Exocrine Pancreatic Cancer:<\/td>\n<\/tr>\n<tr>\n<td width=\"321\">Tumore Del Testicolo :<\/td>\n<td width=\"321\">Testicular Cancer:<\/td>\n<\/tr>\n<tr>\n<td width=\"321\">Tumore Della Vescica<\/td>\n<td width=\"321\">Bladder Cancer:<\/td>\n<\/tr>\n<tr>\n<td width=\"321\">Tumore Della Prostata<\/td>\n<td width=\"321\">Prostate Cancer:<\/td>\n<\/tr>\n<tr>\n<td width=\"321\">Tumore Del Rene<\/td>\n<td width=\"321\">Kidney Cancer:<\/td>\n<\/tr>\n<tr>\n<td width=\"321\">Tumore Del Polmone<\/td>\n<td width=\"321\">Lung Cancer:<\/td>\n<\/tr>\n<tr>\n<td width=\"321\">Melanoma Cutaneo E Delle Mucose<\/td>\n<td width=\"321\">Skin and Mucosal Melanoma:<\/td>\n<\/tr>\n<tr>\n<td width=\"321\">Melanoma Uveale<\/td>\n<td width=\"321\">Uveal Melanoma:<\/td>\n<\/tr>\n<tr>\n<td width=\"321\">L\u2019epatocarcinoma<\/td>\n<td width=\"321\">Hepatocellular Carcinoma:<\/td>\n<\/tr>\n<tr>\n<td width=\"321\">Neoplasie Sistema Nervoso<\/td>\n<td width=\"321\">Nervous System Neoplasms:<\/td>\n<\/tr>\n<tr>\n<td width=\"321\">Neoplasie Neuroendocrine<\/td>\n<td width=\"321\">Neuroendocrine Neoplasms:<\/td>\n<\/tr>\n<tr>\n<td width=\"321\">Tumori Testa Collo<\/td>\n<td width=\"321\">Head and Neck Cancer:<\/td>\n<\/tr>\n<tr>\n<td width=\"321\">Carcinoma Dell\u2019endometrio<\/td>\n<td width=\"321\">Endometrial Carcinoma:<\/td>\n<\/tr>\n<tr>\n<td width=\"321\">Sarcomi<\/td>\n<td width=\"321\">Sarcomas:<\/td>\n<\/tr>\n<tr>\n<td width=\"321\">Colangiocarcinoma<\/td>\n<td width=\"321\">Cholangiocarcinoma:<\/td>\n<\/tr>\n<tr>\n<td width=\"321\">Carcinoma Tiroideo<\/td>\n<td width=\"321\">Thyroid Cancer:<\/td>\n<\/tr>\n<tr>\n<td width=\"321\">Tumori Della Cute Non Melanoma<\/td>\n<td width=\"321\">Non-melanoma Skin Cancers:<\/td>\n<\/tr>\n<tr>\n<td width=\"321\">Mesotelioma<\/td>\n<td width=\"321\">\u00a0Mesothelioma:<\/td>\n<\/tr>\n<\/tbody>\n<\/table>\n<p>&nbsp;<\/p>\n<p>&nbsp;<\/p>\n<p>&nbsp;[\/vc_column_text][\/vc_column][\/vc_row]<\/p>\n","protected":false},"excerpt":{"rendered":"<p>[vc_row][vc_column][vc_column_text] La Ricerca clinica nella Rete Oncologica Campana \u00c8 importante che nell\u2019ambito delle reti oncologiche si sviluppino attivit\u00e0 di ricerca:&#8230;<\/p>\n","protected":false},"author":1,"featured_media":0,"parent":0,"menu_order":0,"comment_status":"closed","ping_status":"closed","template":"","meta":[],"yoast_head":"<!-- This site is optimized with the Yoast SEO plugin v20.3 - https:\/\/yoast.com\/wordpress\/plugins\/seo\/ -->\r\n<title>Studi Clinici in corso - R.O.C. - Rete Oncologica Campana<\/title>\r\n<meta name=\"robots\" content=\"index, follow, max-snippet:-1, max-image-preview:large, max-video-preview:-1\" \/>\r\n<link rel=\"canonical\" href=\"https:\/\/www.reteoncologicacampana.it\/?page_id=25982\" \/>\r\n<meta property=\"og:locale\" content=\"it_IT\" \/>\r\n<meta property=\"og:type\" content=\"article\" \/>\r\n<meta property=\"og:title\" content=\"Studi Clinici in corso - R.O.C. - Rete Oncologica Campana\" \/>\r\n<meta property=\"og:description\" content=\"[vc_row][vc_column][vc_column_text] La Ricerca clinica nella Rete Oncologica Campana \u00c8 importante che nell\u2019ambito delle reti oncologiche si sviluppino attivit\u00e0 di ricerca:...\" \/>\r\n<meta property=\"og:url\" content=\"https:\/\/www.reteoncologicacampana.it\/?page_id=25982\" \/>\r\n<meta property=\"og:site_name\" content=\"R.O.C. - Rete Oncologica Campana\" \/>\r\n<meta property=\"article:modified_time\" content=\"2025-11-04T11:13:58+00:00\" \/>\r\n<meta property=\"og:image\" content=\"https:\/\/www.reteoncologicacampana.it\/wp-content\/uploads\/2025\/11\/mapp-scaled.jpg\" \/>\r\n<meta name=\"twitter:card\" content=\"summary_large_image\" \/>\r\n<meta name=\"twitter:label1\" content=\"Tempo di lettura stimato\" \/>\n\t<meta name=\"twitter:data1\" content=\"3 minuti\" \/>\r\n<script type=\"application\/ld+json\" class=\"yoast-schema-graph\">{\"@context\":\"https:\/\/schema.org\",\"@graph\":[{\"@type\":\"WebPage\",\"@id\":\"https:\/\/www.reteoncologicacampana.it\/?page_id=25982\",\"url\":\"https:\/\/www.reteoncologicacampana.it\/?page_id=25982\",\"name\":\"Studi Clinici in corso - R.O.C. - Rete Oncologica Campana\",\"isPartOf\":{\"@id\":\"https:\/\/www.reteoncologicacampana.it\/#website\"},\"datePublished\":\"2024-06-19T07:37:46+00:00\",\"dateModified\":\"2025-11-04T11:13:58+00:00\",\"breadcrumb\":{\"@id\":\"https:\/\/www.reteoncologicacampana.it\/?page_id=25982#breadcrumb\"},\"inLanguage\":\"it-IT\",\"potentialAction\":[{\"@type\":\"ReadAction\",\"target\":[\"https:\/\/www.reteoncologicacampana.it\/?page_id=25982\"]}]},{\"@type\":\"BreadcrumbList\",\"@id\":\"https:\/\/www.reteoncologicacampana.it\/?page_id=25982#breadcrumb\",\"itemListElement\":[{\"@type\":\"ListItem\",\"position\":1,\"name\":\"Home\",\"item\":\"https:\/\/www.reteoncologicacampana.it\/\"},{\"@type\":\"ListItem\",\"position\":2,\"name\":\"Studi Clinici in corso\"}]},{\"@type\":\"WebSite\",\"@id\":\"https:\/\/www.reteoncologicacampana.it\/#website\",\"url\":\"https:\/\/www.reteoncologicacampana.it\/\",\"name\":\"R.O.C. - Rete Oncologica Campana\",\"description\":\"\",\"potentialAction\":[{\"@type\":\"SearchAction\",\"target\":{\"@type\":\"EntryPoint\",\"urlTemplate\":\"https:\/\/www.reteoncologicacampana.it\/?s={search_term_string}\"},\"query-input\":\"required name=search_term_string\"}],\"inLanguage\":\"it-IT\"}]}<\/script>\r\n<!-- \/ Yoast SEO plugin. -->","yoast_head_json":{"title":"Studi Clinici in corso - R.O.C. - Rete Oncologica Campana","robots":{"index":"index","follow":"follow","max-snippet":"max-snippet:-1","max-image-preview":"max-image-preview:large","max-video-preview":"max-video-preview:-1"},"canonical":"https:\/\/www.reteoncologicacampana.it\/?page_id=25982","og_locale":"it_IT","og_type":"article","og_title":"Studi Clinici in corso - R.O.C. - Rete Oncologica Campana","og_description":"[vc_row][vc_column][vc_column_text] La Ricerca clinica nella Rete Oncologica Campana \u00c8 importante che nell\u2019ambito delle reti oncologiche si sviluppino attivit\u00e0 di ricerca:...","og_url":"https:\/\/www.reteoncologicacampana.it\/?page_id=25982","og_site_name":"R.O.C. - Rete Oncologica Campana","article_modified_time":"2025-11-04T11:13:58+00:00","og_image":[{"url":"https:\/\/www.reteoncologicacampana.it\/wp-content\/uploads\/2025\/11\/mapp-scaled.jpg"}],"twitter_card":"summary_large_image","twitter_misc":{"Tempo di lettura stimato":"3 minuti"},"schema":{"@context":"https:\/\/schema.org","@graph":[{"@type":"WebPage","@id":"https:\/\/www.reteoncologicacampana.it\/?page_id=25982","url":"https:\/\/www.reteoncologicacampana.it\/?page_id=25982","name":"Studi Clinici in corso - R.O.C. - Rete Oncologica Campana","isPartOf":{"@id":"https:\/\/www.reteoncologicacampana.it\/#website"},"datePublished":"2024-06-19T07:37:46+00:00","dateModified":"2025-11-04T11:13:58+00:00","breadcrumb":{"@id":"https:\/\/www.reteoncologicacampana.it\/?page_id=25982#breadcrumb"},"inLanguage":"it-IT","potentialAction":[{"@type":"ReadAction","target":["https:\/\/www.reteoncologicacampana.it\/?page_id=25982"]}]},{"@type":"BreadcrumbList","@id":"https:\/\/www.reteoncologicacampana.it\/?page_id=25982#breadcrumb","itemListElement":[{"@type":"ListItem","position":1,"name":"Home","item":"https:\/\/www.reteoncologicacampana.it\/"},{"@type":"ListItem","position":2,"name":"Studi Clinici in corso"}]},{"@type":"WebSite","@id":"https:\/\/www.reteoncologicacampana.it\/#website","url":"https:\/\/www.reteoncologicacampana.it\/","name":"R.O.C. - Rete Oncologica Campana","description":"","potentialAction":[{"@type":"SearchAction","target":{"@type":"EntryPoint","urlTemplate":"https:\/\/www.reteoncologicacampana.it\/?s={search_term_string}"},"query-input":"required name=search_term_string"}],"inLanguage":"it-IT"}]}},"_links":{"self":[{"href":"https:\/\/www.reteoncologicacampana.it\/index.php?rest_route=\/wp\/v2\/pages\/25982"}],"collection":[{"href":"https:\/\/www.reteoncologicacampana.it\/index.php?rest_route=\/wp\/v2\/pages"}],"about":[{"href":"https:\/\/www.reteoncologicacampana.it\/index.php?rest_route=\/wp\/v2\/types\/page"}],"author":[{"embeddable":true,"href":"https:\/\/www.reteoncologicacampana.it\/index.php?rest_route=\/wp\/v2\/users\/1"}],"replies":[{"embeddable":true,"href":"https:\/\/www.reteoncologicacampana.it\/index.php?rest_route=%2Fwp%2Fv2%2Fcomments&post=25982"}],"version-history":[{"count":23,"href":"https:\/\/www.reteoncologicacampana.it\/index.php?rest_route=\/wp\/v2\/pages\/25982\/revisions"}],"predecessor-version":[{"id":26257,"href":"https:\/\/www.reteoncologicacampana.it\/index.php?rest_route=\/wp\/v2\/pages\/25982\/revisions\/26257"}],"wp:attachment":[{"href":"https:\/\/www.reteoncologicacampana.it\/index.php?rest_route=%2Fwp%2Fv2%2Fmedia&parent=25982"}],"curies":[{"name":"wp","href":"https:\/\/api.w.org\/{rel}","templated":true}]}}