{"id":26101,"date":"2024-12-18T11:24:14","date_gmt":"2024-12-18T11:24:14","guid":{"rendered":"https:\/\/www.reteoncologicacampana.it\/?page_id=26101"},"modified":"2024-12-18T11:29:20","modified_gmt":"2024-12-18T11:29:20","slug":"gom","status":"publish","type":"page","link":"https:\/\/www.reteoncologicacampana.it\/?page_id=26101","title":{"rendered":"GOM"},"content":{"rendered":"<p>[vc_row][vc_column][vc_column_text]La <strong>Regione Campania<\/strong> ha creato la <strong>Rete Oncologica Campana<\/strong> per migliorare la prevenzione, la diagnosi, il trattamento e la riabilitazione del cancro. Questa iniziativa \u00e8 stata avviata tramite una delibera (DELIBERA 98 del 20.9.2016) che ha unito diversi centri specializzati, rendendo cos\u00ec le cure oncologiche pi\u00f9 efficaci e accessibili.<\/p>\n<p>Nella <strong>Rete Oncologica Campana<\/strong> ci sono vari tipi di centri: i Centri Oncologici di Riferimento Polispecialistici (<strong>CORP<\/strong>), che si occupano di diagnosi e trattamenti, e i Centri Oncologici Universitari o Scientifici (CORPUS). Ci sono anche centri oncologici presso le <strong>ASL<\/strong> e strutture dedicate alle cure palliative.<\/p>\n<p>All&#8217;interno dei CORP e CORPUS, sono stati creati i <strong>Gruppi Oncologici Multidisciplinari<\/strong> (GOM). Questi gruppi sono composti da specialisti di diverse discipline che collaborano per offrire un&#8217;assistenza completa ai pazienti oncologici, definendo il percorso di cura pi\u00f9 adatto per ognuno. I <strong>GOM<\/strong> possono operare all&#8217;interno di un singolo centro o possono collaborare tra pi\u00f9 centri.<\/p>\n<p>Inoltre, grazie al decreto 477 del 2022, sono stati attivati GOM interaziendali che lavorano anche con alcune case di cura accreditate. I medici dei GOM, insieme a molti Medici di Medicina Generale, hanno la possibilit\u00e0 di registrare i loro pazienti sulla piattaforma ROC e indirizzarli al GOM pi\u00f9 adatto in base al tipo di tumore.<\/p>\n<p>Questo sistema permette di garantire un&#8217;assistenza pi\u00f9 coordinata e personalizzata a tutti i pazienti oncologici della Regione Campania, migliorando cos\u00ec la qualit\u00e0 delle cure ricevute.[\/vc_column_text][\/vc_column][\/vc_row][vc_row][vc_column][vc_tta_tour][vc_tta_section title=&#8221;MAMMELLA&#8221; tab_id=&#8221;1734521072095-160a0b93-3b99&#8243;][vc_column_text]<\/p>\n<table width=\"629\">\n<tbody>\n<tr>\n<td width=\"629\"><strong>ISTITUTO NAZIONALE TUMORI DI NAPOLI<\/strong><\/td>\n<\/tr>\n<tr>\n<td>GOM INTERAZIENDALI DELL&#8217;ISTITUTO NAZIONALE TUMORI FONDAZIONE G PASCALE<\/td>\n<\/tr>\n<tr>\n<td>CASA DI CURA VILLA MARIA<\/td>\n<\/tr>\n<tr>\n<td>CASA DI CURA &#8216; LA MADONNINA &#8216; SRL<\/td>\n<\/tr>\n<tr>\n<td>P.O. POLLENA<\/td>\n<\/tr>\n<tr>\n<td><\/td>\n<\/tr>\n<tr>\n<td><strong>A.O. OO.RR. SANGIOVANNI DI DIO E RUGGI<\/strong><\/td>\n<\/tr>\n<tr>\n<td>GOM INTERAZIENDALI DELL&#8217;A.O. OO.RR. SANGIOVANNI DI DIO E RUGGI<\/td>\n<\/tr>\n<tr>\n<td>VILLA DEL SOLE<\/td>\n<\/tr>\n<tr>\n<td>CASA DI CURA TORTORELLA SPA<\/td>\n<\/tr>\n<tr>\n<td>CASA DI CURA PRIVATA SALUS S.P.A.<\/td>\n<\/tr>\n<tr>\n<td>P.O. VALLO DELLA LUCANIA<\/td>\n<\/tr>\n<tr>\n<td>P.O.S.MARIA ADDOLORATA EBOLI<\/td>\n<\/tr>\n<tr>\n<td>HYPPOCRATICA SPA CDC VILLA DEL SOLE<\/td>\n<\/tr>\n<tr>\n<td>P.O. TORTORA PAGANI<\/td>\n<\/tr>\n<tr>\n<td><\/td>\n<\/tr>\n<tr>\n<td><strong>AZIENDA OSPEDALIERA UNIVERSITARIA UNICAM<\/strong><\/td>\n<\/tr>\n<tr>\n<td>GOM INTERAZIENDALI DELL&#8217;UNIVERSITA&#8217; DELLA CAMPANIA<\/td>\n<\/tr>\n<tr>\n<td>CASA DI CURA VILLA DEI FIORI\u00a0 SRL<\/td>\n<\/tr>\n<tr>\n<td>CASA DI CURA VILLA DELLE QUERCE SPA<\/td>\n<\/tr>\n<tr>\n<td>CLINICA VESUVIO SRL<\/td>\n<\/tr>\n<tr>\n<td>CLINICA SANTA PATRIZIA<\/td>\n<\/tr>\n<tr>\n<td>CASA DI CURA S. MARIA LA BRUNA SRL<\/td>\n<\/tr>\n<tr>\n<td><\/td>\n<\/tr>\n<tr>\n<td><strong>A.O.U. &#8216;FEDERICO II&#8217; DI NAPOLI<\/strong><\/td>\n<\/tr>\n<tr>\n<td>GOM INTERAZIENDALI DELL&#8217;UNIVERSITA&#8217; DEGLI STUDI DI NAPOLI FEDERICO II<\/td>\n<\/tr>\n<tr>\n<td>CASA DI CURA VILLA FIORITA<\/td>\n<\/tr>\n<tr>\n<td>CASA DI CURA VILLA DEI FIORI<\/td>\n<\/tr>\n<tr>\n<td>CLINICA SANATRIX SPA<\/td>\n<\/tr>\n<tr>\n<td>CLINICA MEDITERRANEA SPA<\/td>\n<\/tr>\n<tr>\n<td>CASA DI SALUTE\u00a0 S.LUCIA\u00a0 SRL<\/td>\n<\/tr>\n<tr>\n<td>CASA DI CURA OSP. INTERNAZIONALE SRL<\/td>\n<\/tr>\n<tr>\n<td>CASA DI CURA\u00a0 &#8216; N.S. DI LOURDES &#8216; SPA<\/td>\n<\/tr>\n<tr>\n<td>CASA DI CURA VILLA DEI PLATANI<\/td>\n<\/tr>\n<tr>\n<td>&#8216;CASA DI CURA PROF.DOTT. LUIGI COBELLIS&#8217;<\/td>\n<\/tr>\n<tr>\n<td>CASA DI CURA A.GRIMALDI<\/td>\n<\/tr>\n<tr>\n<td>FONDAZIONE EVANGELICA BETANIA<\/td>\n<\/tr>\n<tr>\n<td>P.O. NOLA<\/td>\n<\/tr>\n<tr>\n<td><\/td>\n<\/tr>\n<tr>\n<td><strong>A.O. SANT&#8217;ANNA E SAN SEBASTIANO\u00a0 CASERTA<\/strong><\/td>\n<\/tr>\n<tr>\n<td>GOM INTERAZIENDALI DELL&#8217;A.O. SANT&#8217;ANNA E SAN SEBASTIANO\u00a0 CASERTA<\/td>\n<\/tr>\n<tr>\n<td>CASA DI CURA &#8216;VILLA FIORITA&#8217; SPA<\/td>\n<\/tr>\n<tr>\n<td>CASA DI CURA PINETA GRANDE<\/td>\n<\/tr>\n<tr>\n<td>CLINICA SANT`ANNA<\/td>\n<\/tr>\n<tr>\n<td>CASA DI CURA SAN PAOLO<\/td>\n<\/tr>\n<tr>\n<td>PRESIDIO OSPEDALIERO MARCIANISE<\/td>\n<\/tr>\n<tr>\n<td><\/td>\n<\/tr>\n<tr>\n<td><strong>PRESIDIO OSPEDALIERO RUMMO<\/strong><\/td>\n<\/tr>\n<tr>\n<td>GOM INTERAZIENDALI DEL PRESIDIO OSPEDALIERO RUMMO<\/td>\n<\/tr>\n<tr>\n<td>CASA DI CURA GE.P.O.S. SRL<\/td>\n<\/tr>\n<tr>\n<td><\/td>\n<\/tr>\n<tr>\n<td><strong>AZIENDA OSPEDALIERA S. G. MOSCATI<\/strong><\/td>\n<\/tr>\n<tr>\n<td>GOM INTERAZIENDALI DELL&#8217; AZIENDA OSPEDALIERA S. G. MOSCATI<\/td>\n<\/tr>\n<tr>\n<td>CASA DI CURA S.RITA<\/td>\n<\/tr>\n<tr>\n<td><\/td>\n<\/tr>\n<tr>\n<td><strong>A.O.R.N. MONALDI<\/strong><\/td>\n<\/tr>\n<tr>\n<td><\/td>\n<\/tr>\n<tr>\n<td><strong>AZIENDA OSPEDALIERA &#8216;A. CARDARELLI&#8217;<\/strong><\/td>\n<\/tr>\n<tr>\n<td><\/td>\n<\/tr>\n<tr>\n<td><strong>P.O. OSPEDALE DEL MARE<\/strong><\/td>\n<\/tr>\n<tr>\n<td>GOM INTERAZIENDALI DEL P.O. OSPEDALE DEL MARE<\/td>\n<\/tr>\n<tr>\n<td>CASA DI CURA MARIA ROSARIA SPA<\/td>\n<\/tr>\n<tr>\n<td><\/td>\n<\/tr>\n<tr>\n<td><strong>OSPEDALE S.M.DELLE GRAZIE<\/strong><\/td>\n<\/tr>\n<tr>\n<td>GOM INTERAZIENDALI DELL&#8217;OSPEDALE S.M.DELLE GRAZIE<\/td>\n<\/tr>\n<tr>\n<td>OSPEDALE CIVILE S. GIOVANNI DI DIO<\/td>\n<\/tr>\n<tr>\n<td>CASA DI CURA VILLA CINZIA SRL<\/td>\n<\/tr>\n<\/tbody>\n<\/table>\n<p><a href=\"https:\/\/www.reteoncologicacampana.it\/?page_id=25956#1734446330372-cc3ffb67-a2d4\">Aassociazioni di pazienti e attivismo civico del GOM Mammella<\/a>[\/vc_column_text][\/vc_tta_section][\/vc_tta_tour][\/vc_column][\/vc_row]<\/p>\n","protected":false},"excerpt":{"rendered":"<p>[vc_row][vc_column][vc_column_text]La Regione Campania ha creato la Rete Oncologica Campana per migliorare la prevenzione, la diagnosi, il trattamento e la riabilitazione&#8230;<\/p>\n","protected":false},"author":1,"featured_media":0,"parent":0,"menu_order":0,"comment_status":"closed","ping_status":"closed","template":"","meta":[],"yoast_head":"<!-- This site is optimized with the Yoast SEO plugin v20.3 - https:\/\/yoast.com\/wordpress\/plugins\/seo\/ -->\r\n<title>GOM - R.O.C. - Rete Oncologica Campana<\/title>\r\n<meta name=\"robots\" content=\"index, follow, max-snippet:-1, max-image-preview:large, max-video-preview:-1\" \/>\r\n<link rel=\"canonical\" href=\"https:\/\/www.reteoncologicacampana.it\/?page_id=26101\" \/>\r\n<meta property=\"og:locale\" content=\"it_IT\" \/>\r\n<meta property=\"og:type\" content=\"article\" \/>\r\n<meta property=\"og:title\" content=\"GOM - R.O.C. - Rete Oncologica Campana\" \/>\r\n<meta property=\"og:description\" content=\"[vc_row][vc_column][vc_column_text]La Regione Campania ha creato la Rete Oncologica Campana per migliorare la prevenzione, la diagnosi, il trattamento e la riabilitazione...\" \/>\r\n<meta property=\"og:url\" content=\"https:\/\/www.reteoncologicacampana.it\/?page_id=26101\" \/>\r\n<meta property=\"og:site_name\" content=\"R.O.C. - Rete Oncologica Campana\" \/>\r\n<meta property=\"article:modified_time\" content=\"2024-12-18T11:29:20+00:00\" \/>\r\n<meta name=\"twitter:card\" content=\"summary_large_image\" \/>\r\n<meta name=\"twitter:label1\" content=\"Tempo di lettura stimato\" \/>\n\t<meta name=\"twitter:data1\" content=\"3 minuti\" \/>\r\n<script type=\"application\/ld+json\" class=\"yoast-schema-graph\">{\"@context\":\"https:\/\/schema.org\",\"@graph\":[{\"@type\":\"WebPage\",\"@id\":\"https:\/\/www.reteoncologicacampana.it\/?page_id=26101\",\"url\":\"https:\/\/www.reteoncologicacampana.it\/?page_id=26101\",\"name\":\"GOM - R.O.C. - Rete Oncologica Campana\",\"isPartOf\":{\"@id\":\"https:\/\/www.reteoncologicacampana.it\/#website\"},\"datePublished\":\"2024-12-18T11:24:14+00:00\",\"dateModified\":\"2024-12-18T11:29:20+00:00\",\"breadcrumb\":{\"@id\":\"https:\/\/www.reteoncologicacampana.it\/?page_id=26101#breadcrumb\"},\"inLanguage\":\"it-IT\",\"potentialAction\":[{\"@type\":\"ReadAction\",\"target\":[\"https:\/\/www.reteoncologicacampana.it\/?page_id=26101\"]}]},{\"@type\":\"BreadcrumbList\",\"@id\":\"https:\/\/www.reteoncologicacampana.it\/?page_id=26101#breadcrumb\",\"itemListElement\":[{\"@type\":\"ListItem\",\"position\":1,\"name\":\"Home\",\"item\":\"https:\/\/www.reteoncologicacampana.it\/\"},{\"@type\":\"ListItem\",\"position\":2,\"name\":\"GOM\"}]},{\"@type\":\"WebSite\",\"@id\":\"https:\/\/www.reteoncologicacampana.it\/#website\",\"url\":\"https:\/\/www.reteoncologicacampana.it\/\",\"name\":\"R.O.C. - Rete Oncologica Campana\",\"description\":\"\",\"potentialAction\":[{\"@type\":\"SearchAction\",\"target\":{\"@type\":\"EntryPoint\",\"urlTemplate\":\"https:\/\/www.reteoncologicacampana.it\/?s={search_term_string}\"},\"query-input\":\"required name=search_term_string\"}],\"inLanguage\":\"it-IT\"}]}<\/script>\r\n<!-- \/ Yoast SEO plugin. -->","yoast_head_json":{"title":"GOM - R.O.C. - Rete Oncologica Campana","robots":{"index":"index","follow":"follow","max-snippet":"max-snippet:-1","max-image-preview":"max-image-preview:large","max-video-preview":"max-video-preview:-1"},"canonical":"https:\/\/www.reteoncologicacampana.it\/?page_id=26101","og_locale":"it_IT","og_type":"article","og_title":"GOM - R.O.C. - Rete Oncologica Campana","og_description":"[vc_row][vc_column][vc_column_text]La Regione Campania ha creato la Rete Oncologica Campana per migliorare la prevenzione, la diagnosi, il trattamento e la riabilitazione...","og_url":"https:\/\/www.reteoncologicacampana.it\/?page_id=26101","og_site_name":"R.O.C. - Rete Oncologica Campana","article_modified_time":"2024-12-18T11:29:20+00:00","twitter_card":"summary_large_image","twitter_misc":{"Tempo di lettura stimato":"3 minuti"},"schema":{"@context":"https:\/\/schema.org","@graph":[{"@type":"WebPage","@id":"https:\/\/www.reteoncologicacampana.it\/?page_id=26101","url":"https:\/\/www.reteoncologicacampana.it\/?page_id=26101","name":"GOM - R.O.C. - Rete Oncologica Campana","isPartOf":{"@id":"https:\/\/www.reteoncologicacampana.it\/#website"},"datePublished":"2024-12-18T11:24:14+00:00","dateModified":"2024-12-18T11:29:20+00:00","breadcrumb":{"@id":"https:\/\/www.reteoncologicacampana.it\/?page_id=26101#breadcrumb"},"inLanguage":"it-IT","potentialAction":[{"@type":"ReadAction","target":["https:\/\/www.reteoncologicacampana.it\/?page_id=26101"]}]},{"@type":"BreadcrumbList","@id":"https:\/\/www.reteoncologicacampana.it\/?page_id=26101#breadcrumb","itemListElement":[{"@type":"ListItem","position":1,"name":"Home","item":"https:\/\/www.reteoncologicacampana.it\/"},{"@type":"ListItem","position":2,"name":"GOM"}]},{"@type":"WebSite","@id":"https:\/\/www.reteoncologicacampana.it\/#website","url":"https:\/\/www.reteoncologicacampana.it\/","name":"R.O.C. - Rete Oncologica Campana","description":"","potentialAction":[{"@type":"SearchAction","target":{"@type":"EntryPoint","urlTemplate":"https:\/\/www.reteoncologicacampana.it\/?s={search_term_string}"},"query-input":"required name=search_term_string"}],"inLanguage":"it-IT"}]}},"_links":{"self":[{"href":"https:\/\/www.reteoncologicacampana.it\/index.php?rest_route=\/wp\/v2\/pages\/26101"}],"collection":[{"href":"https:\/\/www.reteoncologicacampana.it\/index.php?rest_route=\/wp\/v2\/pages"}],"about":[{"href":"https:\/\/www.reteoncologicacampana.it\/index.php?rest_route=\/wp\/v2\/types\/page"}],"author":[{"embeddable":true,"href":"https:\/\/www.reteoncologicacampana.it\/index.php?rest_route=\/wp\/v2\/users\/1"}],"replies":[{"embeddable":true,"href":"https:\/\/www.reteoncologicacampana.it\/index.php?rest_route=%2Fwp%2Fv2%2Fcomments&post=26101"}],"version-history":[{"count":3,"href":"https:\/\/www.reteoncologicacampana.it\/index.php?rest_route=\/wp\/v2\/pages\/26101\/revisions"}],"predecessor-version":[{"id":26104,"href":"https:\/\/www.reteoncologicacampana.it\/index.php?rest_route=\/wp\/v2\/pages\/26101\/revisions\/26104"}],"wp:attachment":[{"href":"https:\/\/www.reteoncologicacampana.it\/index.php?rest_route=%2Fwp%2Fv2%2Fmedia&parent=26101"}],"curies":[{"name":"wp","href":"https:\/\/api.w.org\/{rel}","templated":true}]}}